{"id":4571,"date":"2024-06-21T12:41:48","date_gmt":"2024-06-21T10:41:48","guid":{"rendered":"https:\/\/centroveterinariomijas.es\/about-us-2\/"},"modified":"2024-06-25T11:03:31","modified_gmt":"2024-06-25T09:03:31","slug":"about-us-2","status":"publish","type":"page","link":"https:\/\/centroveterinariomijas.es\/en\/about-us-2\/","title":{"rendered":"About Us"},"content":{"rendered":"\t\t<div data-elementor-type=\"wp-page\" data-elementor-id=\"4571\" class=\"elementor elementor-4571\">\n\t\t\t\t\t\t<section class=\"elementor-section elementor-top-section elementor-element elementor-element-68484ae elementor-section-full_width elementor-section-stretched elementor-section-height-default elementor-section-height-default\" data-id=\"68484ae\" data-element_type=\"section\" data-settings=\"{&quot;stretch_section&quot;:&quot;section-stretched&quot;,&quot;background_background&quot;:&quot;classic&quot;}\">\n\t\t\t\t\t\t<div class=\"elementor-container elementor-column-gap-no\">\n\t\t\t\t\t<div class=\"elementor-column elementor-col-50 elementor-top-column elementor-element elementor-element-7bcd6bc\" data-id=\"7bcd6bc\" data-element_type=\"column\">\n\t\t\t<div class=\"elementor-widget-wrap elementor-element-populated\">\n\t\t\t\t\t\t<div class=\"elementor-element elementor-element-03ba03e elementor-widget__width-inherit elementor-widget elementor-widget-image\" data-id=\"03ba03e\" data-element_type=\"widget\" data-widget_type=\"image.default\">\n\t\t\t\t<div class=\"elementor-widget-container\">\n\t\t\t\t\t\t\t\t\t\t\t\t\t\t\t<img fetchpriority=\"high\" decoding=\"async\" width=\"1024\" height=\"676\" src=\"https:\/\/centroveterinariomijas.es\/wp-content\/uploads\/2020\/08\/frontal-clinica.jpg\" class=\"attachment-full size-full wp-image-2829\" alt=\"\" srcset=\"https:\/\/centroveterinariomijas.es\/wp-content\/uploads\/2020\/08\/frontal-clinica.jpg 1024w, https:\/\/centroveterinariomijas.es\/wp-content\/uploads\/2020\/08\/frontal-clinica-300x198.jpg 300w, https:\/\/centroveterinariomijas.es\/wp-content\/uploads\/2020\/08\/frontal-clinica-768x507.jpg 768w, https:\/\/centroveterinariomijas.es\/wp-content\/uploads\/2020\/08\/frontal-clinica-400x264.jpg 400w, https:\/\/centroveterinariomijas.es\/wp-content\/uploads\/2020\/08\/frontal-clinica-900x594.jpg 900w, https:\/\/centroveterinariomijas.es\/wp-content\/uploads\/2020\/08\/frontal-clinica-454x300.jpg 454w, https:\/\/centroveterinariomijas.es\/wp-content\/uploads\/2020\/08\/frontal-clinica-1022x675.jpg 1022w\" sizes=\"(max-width: 1024px) 100vw, 1024px\" \/>\t\t\t\t\t\t\t\t\t\t\t\t\t\t\t<\/div>\n\t\t\t\t<\/div>\n\t\t\t\t\t<\/div>\n\t\t<\/div>\n\t\t\t\t<div class=\"elementor-column elementor-col-50 elementor-top-column elementor-element elementor-element-bf91247\" data-id=\"bf91247\" data-element_type=\"column\">\n\t\t\t<div class=\"elementor-widget-wrap elementor-element-populated\">\n\t\t\t\t\t\t<div class=\"elementor-element elementor-element-d5f35cc elementor-widget elementor-widget-heading\" data-id=\"d5f35cc\" data-element_type=\"widget\" data-widget_type=\"heading.default\">\n\t\t\t\t<div class=\"elementor-widget-container\">\n\t\t\t\t\t<h2 class=\"elementor-heading-title elementor-size-default\">Our Centre<\/h2>\t\t\t\t<\/div>\n\t\t\t\t<\/div>\n\t\t\t\t<div class=\"elementor-element elementor-element-04b0aa0 elementor-widget elementor-widget-text-editor\" data-id=\"04b0aa0\" data-element_type=\"widget\" data-widget_type=\"text-editor.default\">\n\t\t\t\t<div class=\"elementor-widget-container\">\n\t\t\t\t\t\t\t\t\t<p>In 2008, Cl\u00ednica Veterinaria Natalia first opened its doors. Since then, the business has grown over time until finally, in November 2015, Sociedad Cl\u00ednica Veterinaria Mijas Pueblo was formed with the incorporation of partner Jorge Orts Cotrina. Thanks to this new advancement, deep renovations were made to the premises, increasing its hospitalization capacity, modernizing the operating room, constructing a preoperative room, laboratory, X-ray room, etc.<\/p>\n<p>Additionally, we expanded the range of services offered, encompassing advanced surgeries, abdominal ultrasound, cardiology services, etc.<\/p>\n<p>In December 2021, we took another step forward and annexed the Conectavets facility to handle referral cases from nearby clinics, increasing specialties such as feline medicine, small animal reproduction, laparoscopy, etc.<\/p>\n\t\t\t\t\t\t\t\t<\/div>\n\t\t\t\t<\/div>\n\t\t\t\t\t<\/div>\n\t\t<\/div>\n\t\t\t\t\t<\/div>\n\t\t<\/section>\n\t\t\t\t<section class=\"elementor-section elementor-top-section elementor-element elementor-element-261a1f53 elementor-section-stretched elementor-section-boxed elementor-section-height-default elementor-section-height-default\" data-id=\"261a1f53\" data-element_type=\"section\" data-settings=\"{&quot;stretch_section&quot;:&quot;section-stretched&quot;,&quot;background_background&quot;:&quot;classic&quot;}\">\n\t\t\t\t\t\t<div class=\"elementor-container elementor-column-gap-default\">\n\t\t\t\t\t<div class=\"elementor-column elementor-col-100 elementor-top-column elementor-element elementor-element-1044622c\" data-id=\"1044622c\" data-element_type=\"column\">\n\t\t\t<div class=\"elementor-widget-wrap elementor-element-populated\">\n\t\t\t\t\t\t<div class=\"elementor-element elementor-element-22c6d2f3 elementor-widget elementor-widget-heading\" data-id=\"22c6d2f3\" data-element_type=\"widget\" data-widget_type=\"heading.default\">\n\t\t\t\t<div class=\"elementor-widget-container\">\n\t\t\t\t\t<h2 class=\"elementor-heading-title elementor-size-default\">What do they think about us<\/h2>\t\t\t\t<\/div>\n\t\t\t\t<\/div>\n\t\t\t\t\t<\/div>\n\t\t<\/div>\n\t\t\t\t\t<\/div>\n\t\t<\/section>\n\t\t\t\t<section class=\"elementor-section elementor-top-section elementor-element elementor-element-4620b721 elementor-section-full_width elementor-section-stretched elementor-section-height-default elementor-section-height-default\" data-id=\"4620b721\" data-element_type=\"section\" data-settings=\"{&quot;stretch_section&quot;:&quot;section-stretched&quot;,&quot;background_background&quot;:&quot;classic&quot;}\">\n\t\t\t\t\t\t<div class=\"elementor-container elementor-column-gap-default\">\n\t\t\t\t\t<div class=\"elementor-column elementor-col-33 elementor-top-column elementor-element elementor-element-773d2f75\" data-id=\"773d2f75\" data-element_type=\"column\">\n\t\t\t<div class=\"elementor-widget-wrap elementor-element-populated\">\n\t\t\t\t\t\t<div class=\"elementor-element elementor-element-73ef1536 elementor-widget elementor-widget-image\" data-id=\"73ef1536\" data-element_type=\"widget\" data-widget_type=\"image.default\">\n\t\t\t\t<div class=\"elementor-widget-container\">\n\t\t\t\t\t\t\t\t\t\t\t\t\t\t\t<img decoding=\"async\" src=\"https:\/\/centroveterinariomijas.es\/wp-content\/uploads\/2018\/02\/13716162_10210293048707402_4420745986197639604_n-400x300.jpg\" title=\"13716162_10210293048707402_4420745986197639604_n\" alt=\"13716162_10210293048707402_4420745986197639604_n\" loading=\"lazy\" \/>\t\t\t\t\t\t\t\t\t\t\t\t\t\t\t<\/div>\n\t\t\t\t<\/div>\n\t\t\t\t<div class=\"elementor-element elementor-element-447a7476 elementor-view-default elementor-widget elementor-widget-icon\" data-id=\"447a7476\" data-element_type=\"widget\" data-widget_type=\"icon.default\">\n\t\t\t\t<div class=\"elementor-widget-container\">\n\t\t\t\t\t\t\t<div class=\"elementor-icon-wrapper\">\n\t\t\t<div class=\"elementor-icon\">\n\t\t\t<i aria-hidden=\"true\" class=\"fas fa-quote-left\"><\/i>\t\t\t<\/div>\n\t\t<\/div>\n\t\t\t\t\t\t<\/div>\n\t\t\t\t<\/div>\n\t\t\t\t<div class=\"elementor-element elementor-element-f53b48 elementor-widget elementor-widget-text-editor\" data-id=\"f53b48\" data-element_type=\"widget\" data-widget_type=\"text-editor.default\">\n\t\t\t\t<div class=\"elementor-widget-container\">\n\t\t\t\t\t\t\t\t\t<p>Very professional, they are great with animals, thank you very much for saving my dog, you are all very good people as well as professionals.<\/p>\n<p style=\"margin-top: 20px;\"><span style=\"color: #b4c408; font-size: 20px;\">Carmen Z\u00facar Carre\u00f1o\u00a0<\/span><\/p>\n\t\t\t\t\t\t\t\t<\/div>\n\t\t\t\t<\/div>\n\t\t\t\t\t<\/div>\n\t\t<\/div>\n\t\t\t\t<div class=\"elementor-column elementor-col-33 elementor-top-column elementor-element elementor-element-10e2d90c\" data-id=\"10e2d90c\" data-element_type=\"column\">\n\t\t\t<div class=\"elementor-widget-wrap elementor-element-populated\">\n\t\t\t\t\t\t<div class=\"elementor-element elementor-element-6d29956a elementor-widget elementor-widget-image\" data-id=\"6d29956a\" data-element_type=\"widget\" data-widget_type=\"image.default\">\n\t\t\t\t<div class=\"elementor-widget-container\">\n\t\t\t\t\t\t\t\t\t\t\t\t\t\t\t<img decoding=\"async\" src=\"https:\/\/centroveterinariomijas.es\/wp-content\/uploads\/2018\/02\/23658385_10159794123110294_2616612271314499594_n-400x300.jpg\" title=\"23658385_10159794123110294_2616612271314499594_n\" alt=\"23658385_10159794123110294_2616612271314499594_n\" loading=\"lazy\" \/>\t\t\t\t\t\t\t\t\t\t\t\t\t\t\t<\/div>\n\t\t\t\t<\/div>\n\t\t\t\t<div class=\"elementor-element elementor-element-2a624a3b elementor-view-default elementor-widget elementor-widget-icon\" data-id=\"2a624a3b\" data-element_type=\"widget\" data-widget_type=\"icon.default\">\n\t\t\t\t<div class=\"elementor-widget-container\">\n\t\t\t\t\t\t\t<div class=\"elementor-icon-wrapper\">\n\t\t\t<div class=\"elementor-icon\">\n\t\t\t<i aria-hidden=\"true\" class=\"fas fa-quote-left\"><\/i>\t\t\t<\/div>\n\t\t<\/div>\n\t\t\t\t\t\t<\/div>\n\t\t\t\t<\/div>\n\t\t\t\t<div class=\"elementor-element elementor-element-3c78534d elementor-widget elementor-widget-text-editor\" data-id=\"3c78534d\" data-element_type=\"widget\" data-widget_type=\"text-editor.default\">\n\t\t\t\t<div class=\"elementor-widget-container\">\n\t\t\t\t\t\t\t\t\t<p>They have always been good to us and our Girls. In good and bad times. Thank you very much for everything xxx.<\/p>\n<p style=\"margin-top: 20px;\"><span style=\"color: #b4c408; font-size: 20px;\">Jane Clark<\/span><\/p>\n\t\t\t\t\t\t\t\t<\/div>\n\t\t\t\t<\/div>\n\t\t\t\t\t<\/div>\n\t\t<\/div>\n\t\t\t\t<div class=\"elementor-column elementor-col-33 elementor-top-column elementor-element elementor-element-45d61e1c\" data-id=\"45d61e1c\" data-element_type=\"column\">\n\t\t\t<div class=\"elementor-widget-wrap elementor-element-populated\">\n\t\t\t\t\t\t<div class=\"elementor-element elementor-element-71768ad2 elementor-widget elementor-widget-image\" data-id=\"71768ad2\" data-element_type=\"widget\" data-widget_type=\"image.default\">\n\t\t\t\t<div class=\"elementor-widget-container\">\n\t\t\t\t\t\t\t\t\t\t\t\t\t\t\t<img decoding=\"async\" src=\"https:\/\/centroveterinariomijas.es\/wp-content\/uploads\/2018\/02\/21231993_10155150489293152_6006410270611242652_n-400x300.jpg\" title=\"21231993_10155150489293152_6006410270611242652_n\" alt=\"21231993_10155150489293152_6006410270611242652_n\" loading=\"lazy\" \/>\t\t\t\t\t\t\t\t\t\t\t\t\t\t\t<\/div>\n\t\t\t\t<\/div>\n\t\t\t\t<div class=\"elementor-element elementor-element-2f1cca45 elementor-view-default elementor-widget elementor-widget-icon\" data-id=\"2f1cca45\" data-element_type=\"widget\" data-widget_type=\"icon.default\">\n\t\t\t\t<div class=\"elementor-widget-container\">\n\t\t\t\t\t\t\t<div class=\"elementor-icon-wrapper\">\n\t\t\t<div class=\"elementor-icon\">\n\t\t\t<i aria-hidden=\"true\" class=\"fas fa-quote-left\"><\/i>\t\t\t<\/div>\n\t\t<\/div>\n\t\t\t\t\t\t<\/div>\n\t\t\t\t<\/div>\n\t\t\t\t<div class=\"elementor-element elementor-element-2e2b981 elementor-widget elementor-widget-text-editor\" data-id=\"2e2b981\" data-element_type=\"widget\" data-widget_type=\"text-editor.default\">\n\t\t\t\t<div class=\"elementor-widget-container\">\n\t\t\t\t\t\t\t\t\t<p>The best vets, kind and caring, with the best interest of the animal, have cared for all my dogs and gone above and beyond the call of duty, fantastic people.<\/p>\n<p style=\"margin-top: 20px;\"><span style=\"color: #b4c408; font-size: 20px;\">Miranda Forrest Vicente<\/span><\/p>\n\t\t\t\t\t\t\t\t<\/div>\n\t\t\t\t<\/div>\n\t\t\t\t\t<\/div>\n\t\t<\/div>\n\t\t\t\t\t<\/div>\n\t\t<\/section>\n\t\t\t\t<section class=\"elementor-section elementor-top-section elementor-element elementor-element-335deb9b elementor-section-full_width elementor-section-height-min-height elementor-section-stretched elementor-section-height-default elementor-section-items-middle\" data-id=\"335deb9b\" data-element_type=\"section\" data-settings=\"{&quot;stretch_section&quot;:&quot;section-stretched&quot;,&quot;background_background&quot;:&quot;classic&quot;}\">\n\t\t\t\t\t\t<div class=\"elementor-container elementor-column-gap-default\">\n\t\t\t\t\t<div class=\"elementor-column elementor-col-100 elementor-top-column elementor-element elementor-element-59cee8a4\" data-id=\"59cee8a4\" data-element_type=\"column\" data-settings=\"{&quot;background_background&quot;:&quot;classic&quot;}\">\n\t\t\t<div class=\"elementor-widget-wrap elementor-element-populated\">\n\t\t\t\t\t\t<section class=\"elementor-section elementor-inner-section elementor-element elementor-element-7f703cd0 elementor-section-full_width elementor-section-height-default elementor-section-height-default\" data-id=\"7f703cd0\" data-element_type=\"section\">\n\t\t\t\t\t\t<div class=\"elementor-container elementor-column-gap-custom\">\n\t\t\t\t\t<div class=\"elementor-column elementor-col-100 elementor-inner-column elementor-element elementor-element-77fe215f\" data-id=\"77fe215f\" data-element_type=\"column\">\n\t\t\t<div class=\"elementor-widget-wrap elementor-element-populated\">\n\t\t\t\t\t\t<div class=\"elementor-element elementor-element-18e1261f elementor-invisible elementor-widget elementor-widget-image\" data-id=\"18e1261f\" data-element_type=\"widget\" data-settings=\"{&quot;_animation&quot;:&quot;zoomInUp&quot;}\" data-widget_type=\"image.default\">\n\t\t\t\t<div class=\"elementor-widget-container\">\n\t\t\t\t\t\t\t\t\t\t\t\t\t\t\t<img decoding=\"async\" width=\"255\" height=\"96\" src=\"https:\/\/centroveterinariomijas.es\/wp-content\/uploads\/2019\/12\/Blanco-CLINICA-VETERINARIA-MIJAS-PUEBLO-BLANCO-1.png\" class=\"attachment-large size-large wp-image-2785\" alt=\"\" \/>\t\t\t\t\t\t\t\t\t\t\t\t\t\t\t<\/div>\n\t\t\t\t<\/div>\n\t\t\t\t<div class=\"elementor-element elementor-element-21bb0335 elementor-view-default elementor-widget elementor-widget-icon\" data-id=\"21bb0335\" data-element_type=\"widget\" data-widget_type=\"icon.default\">\n\t\t\t\t<div class=\"elementor-widget-container\">\n\t\t\t\t\t\t\t<div class=\"elementor-icon-wrapper\">\n\t\t\t<div class=\"elementor-icon\">\n\t\t\t<i aria-hidden=\"true\" class=\"fas fa-map-marker-alt\"><\/i>\t\t\t<\/div>\n\t\t<\/div>\n\t\t\t\t\t\t<\/div>\n\t\t\t\t<\/div>\n\t\t\t\t<div class=\"elementor-element elementor-element-67f4fcdb elementor-widget elementor-widget-text-editor\" data-id=\"67f4fcdb\" data-element_type=\"widget\" data-widget_type=\"text-editor.default\">\n\t\t\t\t<div class=\"elementor-widget-container\">\n\t\t\t\t\t\t\t\t\t<p style=\"text-align: center;\">Avda. M\u00e9xico 21, Edificio Do\u00f1a P\u00eda, Local 10 &#8211; 11<\/p>\n<p style=\"text-align: center;\">Mijas Pueblo &#8211; M\u00e1laga | 29650<\/p>\n<p style=\"text-align: center;\"><a href=\"mailto:cvmijas@gmail.com\" target=\"_blank\" rel=\"noopener\">cvmijas@gmail.com<\/a><\/p>\n\t\t\t\t\t\t\t\t<\/div>\n\t\t\t\t<\/div>\n\t\t\t\t<div class=\"elementor-element elementor-element-5cce9d73 elementor-view-default elementor-widget elementor-widget-icon\" data-id=\"5cce9d73\" data-element_type=\"widget\" data-widget_type=\"icon.default\">\n\t\t\t\t<div class=\"elementor-widget-container\">\n\t\t\t\t\t\t\t<div class=\"elementor-icon-wrapper\">\n\t\t\t<div class=\"elementor-icon\">\n\t\t\t<i aria-hidden=\"true\" class=\"fas fa-phone-alt\"><\/i>\t\t\t<\/div>\n\t\t<\/div>\n\t\t\t\t\t\t<\/div>\n\t\t\t\t<\/div>\n\t\t\t\t<div class=\"elementor-element elementor-element-43315408 elementor-widget elementor-widget-text-editor\" data-id=\"43315408\" data-element_type=\"widget\" data-widget_type=\"text-editor.default\">\n\t\t\t\t<div class=\"elementor-widget-container\">\n\t\t\t\t\t\t\t\t\t<p><span style=\"color: #34c1e7;\">952 48 57 40<\/span><\/p>\n\t\t\t\t\t\t\t\t<\/div>\n\t\t\t\t<\/div>\n\t\t\t\t\t<\/div>\n\t\t<\/div>\n\t\t\t\t\t<\/div>\n\t\t<\/section>\n\t\t\t\t<section class=\"elementor-section elementor-inner-section elementor-element elementor-element-433db585 elementor-section-boxed elementor-section-height-default elementor-section-height-default\" data-id=\"433db585\" data-element_type=\"section\">\n\t\t\t\t\t\t<div class=\"elementor-container elementor-column-gap-default\">\n\t\t\t\t\t<div class=\"elementor-column elementor-col-50 elementor-inner-column elementor-element elementor-element-2eb6309e\" data-id=\"2eb6309e\" data-element_type=\"column\">\n\t\t\t<div class=\"elementor-widget-wrap elementor-element-populated\">\n\t\t\t\t\t\t<div class=\"elementor-element elementor-element-657866a1 elementor-view-default elementor-widget elementor-widget-icon\" data-id=\"657866a1\" data-element_type=\"widget\" data-widget_type=\"icon.default\">\n\t\t\t\t<div class=\"elementor-widget-container\">\n\t\t\t\t\t\t\t<div class=\"elementor-icon-wrapper\">\n\t\t\t<a class=\"elementor-icon\" href=\"https:\/\/www.facebook.com\/clinicaveterinariamijaspueblo\">\n\t\t\t<i aria-hidden=\"true\" class=\"fab fa-facebook\"><\/i>\t\t\t<\/a>\n\t\t<\/div>\n\t\t\t\t\t\t<\/div>\n\t\t\t\t<\/div>\n\t\t\t\t\t<\/div>\n\t\t<\/div>\n\t\t\t\t<div class=\"elementor-column elementor-col-50 elementor-inner-column elementor-element elementor-element-fa84f75\" data-id=\"fa84f75\" data-element_type=\"column\">\n\t\t\t<div class=\"elementor-widget-wrap elementor-element-populated\">\n\t\t\t\t\t\t<div class=\"elementor-element elementor-element-1117910f elementor-view-default elementor-widget elementor-widget-icon\" data-id=\"1117910f\" data-element_type=\"widget\" data-widget_type=\"icon.default\">\n\t\t\t\t<div class=\"elementor-widget-container\">\n\t\t\t\t\t\t\t<div class=\"elementor-icon-wrapper\">\n\t\t\t<a class=\"elementor-icon\" href=\"https:\/\/www.instagram.com\/clinicaveterinariamijaspueblo\/\">\n\t\t\t<i aria-hidden=\"true\" class=\"fab fa-instagram\"><\/i>\t\t\t<\/a>\n\t\t<\/div>\n\t\t\t\t\t\t<\/div>\n\t\t\t\t<\/div>\n\t\t\t\t\t<\/div>\n\t\t<\/div>\n\t\t\t\t\t<\/div>\n\t\t<\/section>\n\t\t\t\t\t<\/div>\n\t\t<\/div>\n\t\t\t\t\t<\/div>\n\t\t<\/section>\n\t\t\t\t<\/div>\n\t\t","protected":false},"excerpt":{"rendered":"<p>Our Centre In 2008, Cl\u00ednica Veterinaria Natalia first opened its doors. Since then, the business has grown over time until finally, in November 2015, Sociedad Cl\u00ednica Veterinaria Mijas Pueblo was formed with the incorporation of partner Jorge Orts Cotrina. Thanks to this new advancement, deep renovations were made to the premises, increasing its hospitalization capacity, &hellip;<\/p>\n","protected":false},"author":5,"featured_media":0,"parent":0,"menu_order":0,"comment_status":"closed","ping_status":"closed","template":"","meta":{"_exactmetrics_skip_tracking":false,"_exactmetrics_sitenote_active":false,"_exactmetrics_sitenote_note":"","_exactmetrics_sitenote_category":0,"footnotes":""},"class_list":["post-4571","page","type-page","status-publish","hentry","no-thumb"],"yoast_head":"<!-- This site is optimized with the Yoast SEO plugin v22.9 - https:\/\/yoast.com\/wordpress\/plugins\/seo\/ -->\n<title>About Us - Centro Veterinario en Mijas<\/title>\n<meta name=\"robots\" content=\"index, follow, max-snippet:-1, max-image-preview:large, max-video-preview:-1\" \/>\n<link rel=\"canonical\" href=\"https:\/\/centroveterinariomijas.es\/en\/about-us-2\/\" \/>\n<meta property=\"og:locale\" content=\"en_US\" \/>\n<meta property=\"og:type\" content=\"article\" \/>\n<meta property=\"og:title\" content=\"About Us - Centro Veterinario en Mijas\" \/>\n<meta property=\"og:description\" content=\"Our Centre In 2008, Cl\u00ednica Veterinaria Natalia first opened its doors. Since then, the business has grown over time until finally, in November 2015, Sociedad Cl\u00ednica Veterinaria Mijas Pueblo was formed with the incorporation of partner Jorge Orts Cotrina. Thanks to this new advancement, deep renovations were made to the premises, increasing its hospitalization capacity, &hellip;\" \/>\n<meta property=\"og:url\" content=\"https:\/\/centroveterinariomijas.es\/en\/about-us-2\/\" \/>\n<meta property=\"og:site_name\" content=\"Centro Veterinario en Mijas\" \/>\n<meta property=\"article:modified_time\" content=\"2024-06-25T09:03:31+00:00\" \/>\n<meta property=\"og:image\" content=\"https:\/\/centroveterinariomijas.es\/wp-content\/uploads\/2020\/08\/frontal-clinica.jpg\" \/>\n<meta name=\"twitter:card\" content=\"summary_large_image\" \/>\n<meta name=\"twitter:label1\" content=\"Est. reading time\" \/>\n\t<meta name=\"twitter:data1\" content=\"1 minute\" \/>\n<script type=\"application\/ld+json\" class=\"yoast-schema-graph\">{\"@context\":\"https:\/\/schema.org\",\"@graph\":[{\"@type\":\"WebPage\",\"@id\":\"https:\/\/centroveterinariomijas.es\/en\/about-us-2\/\",\"url\":\"https:\/\/centroveterinariomijas.es\/en\/about-us-2\/\",\"name\":\"About Us - Centro Veterinario en Mijas\",\"isPartOf\":{\"@id\":\"https:\/\/centroveterinariomijas.es\/#website\"},\"primaryImageOfPage\":{\"@id\":\"https:\/\/centroveterinariomijas.es\/en\/about-us-2\/#primaryimage\"},\"image\":{\"@id\":\"https:\/\/centroveterinariomijas.es\/en\/about-us-2\/#primaryimage\"},\"thumbnailUrl\":\"https:\/\/centroveterinariomijas.es\/wp-content\/uploads\/2020\/08\/frontal-clinica.jpg\",\"datePublished\":\"2024-06-21T10:41:48+00:00\",\"dateModified\":\"2024-06-25T09:03:31+00:00\",\"breadcrumb\":{\"@id\":\"https:\/\/centroveterinariomijas.es\/en\/about-us-2\/#breadcrumb\"},\"inLanguage\":\"en-US\",\"potentialAction\":[{\"@type\":\"ReadAction\",\"target\":[\"https:\/\/centroveterinariomijas.es\/en\/about-us-2\/\"]}]},{\"@type\":\"ImageObject\",\"inLanguage\":\"en-US\",\"@id\":\"https:\/\/centroveterinariomijas.es\/en\/about-us-2\/#primaryimage\",\"url\":\"https:\/\/centroveterinariomijas.es\/wp-content\/uploads\/2020\/08\/frontal-clinica.jpg\",\"contentUrl\":\"https:\/\/centroveterinariomijas.es\/wp-content\/uploads\/2020\/08\/frontal-clinica.jpg\"},{\"@type\":\"BreadcrumbList\",\"@id\":\"https:\/\/centroveterinariomijas.es\/en\/about-us-2\/#breadcrumb\",\"itemListElement\":[{\"@type\":\"ListItem\",\"position\":1,\"name\":\"Portada\",\"item\":\"https:\/\/centroveterinariomijas.es\/en\/\"},{\"@type\":\"ListItem\",\"position\":2,\"name\":\"About Us\"}]},{\"@type\":\"WebSite\",\"@id\":\"https:\/\/centroveterinariomijas.es\/#website\",\"url\":\"https:\/\/centroveterinariomijas.es\/\",\"name\":\"Centro Veterinario en Mijas\",\"description\":\"En nuestro centro veterinario situado en Mijas estamos orgullosos de poder atender a tu mascota y brindarles nuestros servicios.\",\"potentialAction\":[{\"@type\":\"SearchAction\",\"target\":{\"@type\":\"EntryPoint\",\"urlTemplate\":\"https:\/\/centroveterinariomijas.es\/?s={search_term_string}\"},\"query-input\":\"required name=search_term_string\"}],\"inLanguage\":\"en-US\"}]}<\/script>\n<!-- \/ Yoast SEO plugin. -->","yoast_head_json":{"title":"About Us - Centro Veterinario en Mijas","robots":{"index":"index","follow":"follow","max-snippet":"max-snippet:-1","max-image-preview":"max-image-preview:large","max-video-preview":"max-video-preview:-1"},"canonical":"https:\/\/centroveterinariomijas.es\/en\/about-us-2\/","og_locale":"en_US","og_type":"article","og_title":"About Us - Centro Veterinario en Mijas","og_description":"Our Centre In 2008, Cl\u00ednica Veterinaria Natalia first opened its doors. Since then, the business has grown over time until finally, in November 2015, Sociedad Cl\u00ednica Veterinaria Mijas Pueblo was formed with the incorporation of partner Jorge Orts Cotrina. Thanks to this new advancement, deep renovations were made to the premises, increasing its hospitalization capacity, &hellip;","og_url":"https:\/\/centroveterinariomijas.es\/en\/about-us-2\/","og_site_name":"Centro Veterinario en Mijas","article_modified_time":"2024-06-25T09:03:31+00:00","og_image":[{"url":"https:\/\/centroveterinariomijas.es\/wp-content\/uploads\/2020\/08\/frontal-clinica.jpg"}],"twitter_card":"summary_large_image","twitter_misc":{"Est. reading time":"1 minute"},"schema":{"@context":"https:\/\/schema.org","@graph":[{"@type":"WebPage","@id":"https:\/\/centroveterinariomijas.es\/en\/about-us-2\/","url":"https:\/\/centroveterinariomijas.es\/en\/about-us-2\/","name":"About Us - Centro Veterinario en Mijas","isPartOf":{"@id":"https:\/\/centroveterinariomijas.es\/#website"},"primaryImageOfPage":{"@id":"https:\/\/centroveterinariomijas.es\/en\/about-us-2\/#primaryimage"},"image":{"@id":"https:\/\/centroveterinariomijas.es\/en\/about-us-2\/#primaryimage"},"thumbnailUrl":"https:\/\/centroveterinariomijas.es\/wp-content\/uploads\/2020\/08\/frontal-clinica.jpg","datePublished":"2024-06-21T10:41:48+00:00","dateModified":"2024-06-25T09:03:31+00:00","breadcrumb":{"@id":"https:\/\/centroveterinariomijas.es\/en\/about-us-2\/#breadcrumb"},"inLanguage":"en-US","potentialAction":[{"@type":"ReadAction","target":["https:\/\/centroveterinariomijas.es\/en\/about-us-2\/"]}]},{"@type":"ImageObject","inLanguage":"en-US","@id":"https:\/\/centroveterinariomijas.es\/en\/about-us-2\/#primaryimage","url":"https:\/\/centroveterinariomijas.es\/wp-content\/uploads\/2020\/08\/frontal-clinica.jpg","contentUrl":"https:\/\/centroveterinariomijas.es\/wp-content\/uploads\/2020\/08\/frontal-clinica.jpg"},{"@type":"BreadcrumbList","@id":"https:\/\/centroveterinariomijas.es\/en\/about-us-2\/#breadcrumb","itemListElement":[{"@type":"ListItem","position":1,"name":"Portada","item":"https:\/\/centroveterinariomijas.es\/en\/"},{"@type":"ListItem","position":2,"name":"About Us"}]},{"@type":"WebSite","@id":"https:\/\/centroveterinariomijas.es\/#website","url":"https:\/\/centroveterinariomijas.es\/","name":"Centro Veterinario en Mijas","description":"En nuestro centro veterinario situado en Mijas estamos orgullosos de poder atender a tu mascota y brindarles nuestros servicios.","potentialAction":[{"@type":"SearchAction","target":{"@type":"EntryPoint","urlTemplate":"https:\/\/centroveterinariomijas.es\/?s={search_term_string}"},"query-input":"required name=search_term_string"}],"inLanguage":"en-US"}]}},"_links":{"self":[{"href":"https:\/\/centroveterinariomijas.es\/en\/wp-json\/wp\/v2\/pages\/4571","targetHints":{"allow":["GET"]}}],"collection":[{"href":"https:\/\/centroveterinariomijas.es\/en\/wp-json\/wp\/v2\/pages"}],"about":[{"href":"https:\/\/centroveterinariomijas.es\/en\/wp-json\/wp\/v2\/types\/page"}],"author":[{"embeddable":true,"href":"https:\/\/centroveterinariomijas.es\/en\/wp-json\/wp\/v2\/users\/5"}],"replies":[{"embeddable":true,"href":"https:\/\/centroveterinariomijas.es\/en\/wp-json\/wp\/v2\/comments?post=4571"}],"version-history":[{"count":0,"href":"https:\/\/centroveterinariomijas.es\/en\/wp-json\/wp\/v2\/pages\/4571\/revisions"}],"wp:attachment":[{"href":"https:\/\/centroveterinariomijas.es\/en\/wp-json\/wp\/v2\/media?parent=4571"}],"curies":[{"name":"wp","href":"https:\/\/api.w.org\/{rel}","templated":true}]}}