{"id":4765,"date":"2024-06-25T11:45:55","date_gmt":"2024-06-25T09:45:55","guid":{"rendered":"https:\/\/centroveterinariomijas.es\/health-plans-2\/"},"modified":"2024-06-25T11:45:56","modified_gmt":"2024-06-25T09:45:56","slug":"health-plans-2","status":"publish","type":"page","link":"https:\/\/centroveterinariomijas.es\/en\/health-plans-2\/","title":{"rendered":"Health Plans"},"content":{"rendered":"\t\t<div data-elementor-type=\"wp-page\" data-elementor-id=\"4765\" class=\"elementor elementor-4765\">\n\t\t\t\t\t\t<section class=\"elementor-section elementor-top-section elementor-element elementor-element-cad11e5 elementor-section-full_width elementor-section-stretched elementor-section-height-default elementor-section-height-default\" data-id=\"cad11e5\" data-element_type=\"section\" data-settings=\"{&quot;stretch_section&quot;:&quot;section-stretched&quot;}\">\n\t\t\t\t\t\t<div class=\"elementor-container elementor-column-gap-default\">\n\t\t\t\t\t<div class=\"elementor-column elementor-col-100 elementor-top-column elementor-element elementor-element-d5d9fcf\" data-id=\"d5d9fcf\" data-element_type=\"column\">\n\t\t\t<div class=\"elementor-widget-wrap elementor-element-populated\">\n\t\t\t\t\t\t<div class=\"elementor-element elementor-element-bc72df7 elementor-widget elementor-widget-text-editor\" data-id=\"bc72df7\" data-element_type=\"widget\" data-widget_type=\"text-editor.default\">\n\t\t\t\t<div class=\"elementor-widget-container\">\n\t\t\t\t\t\t\t\t\t<p><span style=\"color: #000000;\">\u00a0<span style=\"color: #b4c408;\">AMIGO <span style=\"color: #000000;\">HEALTH PLAN<\/span><\/span><\/span><\/p>\n\t\t\t\t\t\t\t\t<\/div>\n\t\t\t\t<\/div>\n\t\t\t\t<div class=\"elementor-element elementor-element-f295ff7 elementor-widget elementor-widget-text-editor\" data-id=\"f295ff7\" data-element_type=\"widget\" data-widget_type=\"text-editor.default\">\n\t\t\t\t<div class=\"elementor-widget-container\">\n\t\t\t\t\t\t\t\t\t<p>Our Amigo Health Plan is for both dogs and cats and for a fee of only 14.95 euros per month you have many advantages (free consultations and check-ups, 50% off vaccines and services with a 15% discount).<\/p>\n<p>Save from your first visit. The first registration is free.<\/p>\n\t\t\t\t\t\t\t\t<\/div>\n\t\t\t\t<\/div>\n\t\t\t\t\t<\/div>\n\t\t<\/div>\n\t\t\t\t\t<\/div>\n\t\t<\/section>\n\t\t\t\t<section class=\"elementor-section elementor-top-section elementor-element elementor-element-735dd86 elementor-section-full_width elementor-section-stretched elementor-hidden-tablet elementor-hidden-mobile elementor-section-height-default elementor-section-height-default\" data-id=\"735dd86\" data-element_type=\"section\" data-settings=\"{&quot;stretch_section&quot;:&quot;section-stretched&quot;}\">\n\t\t\t\t\t\t<div class=\"elementor-container elementor-column-gap-default\">\n\t\t\t\t\t<div class=\"elementor-column elementor-col-100 elementor-top-column elementor-element elementor-element-070a9e4\" data-id=\"070a9e4\" data-element_type=\"column\">\n\t\t\t<div class=\"elementor-widget-wrap elementor-element-populated\">\n\t\t\t\t\t\t<div class=\"elementor-element elementor-element-0ed14c2 elementor-widget elementor-widget-image\" data-id=\"0ed14c2\" data-element_type=\"widget\" data-widget_type=\"image.default\">\n\t\t\t\t<div class=\"elementor-widget-container\">\n\t\t\t\t\t\t\t\t\t\t\t\t\t\t\t<img fetchpriority=\"high\" decoding=\"async\" width=\"1920\" height=\"1362\" src=\"https:\/\/centroveterinariomijas.es\/wp-content\/uploads\/2024\/06\/plan-amigo.jpg\" class=\"attachment-full size-full wp-image-4464\" alt=\"\" srcset=\"https:\/\/centroveterinariomijas.es\/wp-content\/uploads\/2024\/06\/plan-amigo.jpg 1920w, https:\/\/centroveterinariomijas.es\/wp-content\/uploads\/2024\/06\/plan-amigo-300x213.jpg 300w, https:\/\/centroveterinariomijas.es\/wp-content\/uploads\/2024\/06\/plan-amigo-1024x726.jpg 1024w, https:\/\/centroveterinariomijas.es\/wp-content\/uploads\/2024\/06\/plan-amigo-768x545.jpg 768w, https:\/\/centroveterinariomijas.es\/wp-content\/uploads\/2024\/06\/plan-amigo-1536x1090.jpg 1536w\" sizes=\"(max-width: 1920px) 100vw, 1920px\" \/>\t\t\t\t\t\t\t\t\t\t\t\t\t\t\t<\/div>\n\t\t\t\t<\/div>\n\t\t\t\t\t<\/div>\n\t\t<\/div>\n\t\t\t\t\t<\/div>\n\t\t<\/section>\n\t\t\t\t<section class=\"elementor-section elementor-top-section elementor-element elementor-element-5891de8 elementor-section-full_width elementor-section-stretched elementor-hidden-desktop elementor-hidden-tablet elementor-section-height-default elementor-section-height-default\" data-id=\"5891de8\" data-element_type=\"section\" data-settings=\"{&quot;stretch_section&quot;:&quot;section-stretched&quot;}\">\n\t\t\t\t\t\t<div class=\"elementor-container elementor-column-gap-default\">\n\t\t\t\t\t<div class=\"elementor-column elementor-col-33 elementor-top-column elementor-element elementor-element-17837ed\" data-id=\"17837ed\" data-element_type=\"column\">\n\t\t\t<div class=\"elementor-widget-wrap elementor-element-populated\">\n\t\t\t\t\t\t<div class=\"elementor-element elementor-element-7cc4931 elementor-widget elementor-widget-image\" data-id=\"7cc4931\" data-element_type=\"widget\" data-widget_type=\"image.default\">\n\t\t\t\t<div class=\"elementor-widget-container\">\n\t\t\t\t\t\t\t\t\t\t\t\t\t\t\t<img decoding=\"async\" width=\"473\" height=\"1024\" src=\"https:\/\/centroveterinariomijas.es\/wp-content\/uploads\/2024\/06\/plan-amigo-1-473x1024.jpg\" class=\"attachment-large size-large wp-image-4478\" alt=\"\" srcset=\"https:\/\/centroveterinariomijas.es\/wp-content\/uploads\/2024\/06\/plan-amigo-1-473x1024.jpg 473w, https:\/\/centroveterinariomijas.es\/wp-content\/uploads\/2024\/06\/plan-amigo-1-139x300.jpg 139w, https:\/\/centroveterinariomijas.es\/wp-content\/uploads\/2024\/06\/plan-amigo-1.jpg 499w\" sizes=\"(max-width: 473px) 100vw, 473px\" \/>\t\t\t\t\t\t\t\t\t\t\t\t\t\t\t<\/div>\n\t\t\t\t<\/div>\n\t\t\t\t\t<\/div>\n\t\t<\/div>\n\t\t\t\t<div class=\"elementor-column elementor-col-33 elementor-top-column elementor-element elementor-element-7fd370e\" data-id=\"7fd370e\" data-element_type=\"column\">\n\t\t\t<div class=\"elementor-widget-wrap elementor-element-populated\">\n\t\t\t\t\t\t<div class=\"elementor-element elementor-element-6060442 elementor-widget elementor-widget-image\" data-id=\"6060442\" data-element_type=\"widget\" data-widget_type=\"image.default\">\n\t\t\t\t<div class=\"elementor-widget-container\">\n\t\t\t\t\t\t\t\t\t\t\t\t\t\t\t<img decoding=\"async\" width=\"482\" height=\"1024\" src=\"https:\/\/centroveterinariomijas.es\/wp-content\/uploads\/2024\/06\/plan-amigo-2-482x1024.jpg\" class=\"attachment-large size-large wp-image-4479\" alt=\"\" srcset=\"https:\/\/centroveterinariomijas.es\/wp-content\/uploads\/2024\/06\/plan-amigo-2-482x1024.jpg 482w, https:\/\/centroveterinariomijas.es\/wp-content\/uploads\/2024\/06\/plan-amigo-2-141x300.jpg 141w, https:\/\/centroveterinariomijas.es\/wp-content\/uploads\/2024\/06\/plan-amigo-2.jpg 508w\" sizes=\"(max-width: 482px) 100vw, 482px\" \/>\t\t\t\t\t\t\t\t\t\t\t\t\t\t\t<\/div>\n\t\t\t\t<\/div>\n\t\t\t\t\t<\/div>\n\t\t<\/div>\n\t\t\t\t<div class=\"elementor-column elementor-col-33 elementor-top-column elementor-element elementor-element-11ae313\" data-id=\"11ae313\" data-element_type=\"column\">\n\t\t\t<div class=\"elementor-widget-wrap elementor-element-populated\">\n\t\t\t\t\t\t<div class=\"elementor-element elementor-element-262a921 elementor-widget elementor-widget-image\" data-id=\"262a921\" data-element_type=\"widget\" data-widget_type=\"image.default\">\n\t\t\t\t<div class=\"elementor-widget-container\">\n\t\t\t\t\t\t\t\t\t\t\t\t\t\t\t<img loading=\"lazy\" decoding=\"async\" width=\"491\" height=\"1024\" src=\"https:\/\/centroveterinariomijas.es\/wp-content\/uploads\/2024\/06\/plan-amigo-3-491x1024.jpg\" class=\"attachment-large size-large wp-image-4480\" alt=\"\" srcset=\"https:\/\/centroveterinariomijas.es\/wp-content\/uploads\/2024\/06\/plan-amigo-3-491x1024.jpg 491w, https:\/\/centroveterinariomijas.es\/wp-content\/uploads\/2024\/06\/plan-amigo-3-144x300.jpg 144w, https:\/\/centroveterinariomijas.es\/wp-content\/uploads\/2024\/06\/plan-amigo-3.jpg 518w\" sizes=\"(max-width: 491px) 100vw, 491px\" \/>\t\t\t\t\t\t\t\t\t\t\t\t\t\t\t<\/div>\n\t\t\t\t<\/div>\n\t\t\t\t\t<\/div>\n\t\t<\/div>\n\t\t\t\t\t<\/div>\n\t\t<\/section>\n\t\t\t\t<section class=\"elementor-section elementor-top-section elementor-element elementor-element-515f89af elementor-section-full_width elementor-section-height-min-height elementor-section-stretched elementor-section-height-default elementor-section-items-middle\" data-id=\"515f89af\" data-element_type=\"section\" data-settings=\"{&quot;stretch_section&quot;:&quot;section-stretched&quot;,&quot;background_background&quot;:&quot;classic&quot;}\">\n\t\t\t\t\t\t<div class=\"elementor-container elementor-column-gap-default\">\n\t\t\t\t\t<div class=\"elementor-column elementor-col-100 elementor-top-column elementor-element elementor-element-38506a86\" data-id=\"38506a86\" data-element_type=\"column\" data-settings=\"{&quot;background_background&quot;:&quot;classic&quot;}\">\n\t\t\t<div class=\"elementor-widget-wrap elementor-element-populated\">\n\t\t\t\t\t\t<section class=\"elementor-section elementor-inner-section elementor-element elementor-element-1ff64c34 elementor-section-full_width elementor-section-height-default elementor-section-height-default\" data-id=\"1ff64c34\" data-element_type=\"section\">\n\t\t\t\t\t\t<div class=\"elementor-container elementor-column-gap-custom\">\n\t\t\t\t\t<div class=\"elementor-column elementor-col-100 elementor-inner-column elementor-element elementor-element-52d4660d\" data-id=\"52d4660d\" data-element_type=\"column\">\n\t\t\t<div class=\"elementor-widget-wrap elementor-element-populated\">\n\t\t\t\t\t\t<div class=\"elementor-element elementor-element-a21b2bb elementor-invisible elementor-widget elementor-widget-image\" data-id=\"a21b2bb\" data-element_type=\"widget\" data-settings=\"{&quot;_animation&quot;:&quot;zoomInUp&quot;}\" data-widget_type=\"image.default\">\n\t\t\t\t<div class=\"elementor-widget-container\">\n\t\t\t\t\t\t\t\t\t\t\t\t\t\t\t<img loading=\"lazy\" decoding=\"async\" width=\"255\" height=\"96\" src=\"https:\/\/centroveterinariomijas.es\/wp-content\/uploads\/2019\/12\/Blanco-CLINICA-VETERINARIA-MIJAS-PUEBLO-BLANCO-1.png\" class=\"attachment-large size-large wp-image-2785\" alt=\"\" \/>\t\t\t\t\t\t\t\t\t\t\t\t\t\t\t<\/div>\n\t\t\t\t<\/div>\n\t\t\t\t<div class=\"elementor-element elementor-element-421f7f02 elementor-view-default elementor-widget elementor-widget-icon\" data-id=\"421f7f02\" data-element_type=\"widget\" data-widget_type=\"icon.default\">\n\t\t\t\t<div class=\"elementor-widget-container\">\n\t\t\t\t\t\t\t<div class=\"elementor-icon-wrapper\">\n\t\t\t<div class=\"elementor-icon\">\n\t\t\t<i aria-hidden=\"true\" class=\"fas fa-map-marker-alt\"><\/i>\t\t\t<\/div>\n\t\t<\/div>\n\t\t\t\t\t\t<\/div>\n\t\t\t\t<\/div>\n\t\t\t\t<div class=\"elementor-element elementor-element-2d30290 elementor-widget elementor-widget-text-editor\" data-id=\"2d30290\" data-element_type=\"widget\" data-widget_type=\"text-editor.default\">\n\t\t\t\t<div class=\"elementor-widget-container\">\n\t\t\t\t\t\t\t\t\t<p style=\"text-align: center;\">Avda. M\u00e9xico 21, Edificio Do\u00f1a P\u00eda, Local 10 &#8211; 11<\/p>\n<p style=\"text-align: center;\">Mijas Pueblo &#8211; M\u00e1laga | 29650<\/p>\n<p style=\"text-align: center;\"><a href=\"mailto:cvmijas@gmail.com\" target=\"_blank\" rel=\"noopener\">cvmijas@gmail.com<\/a><\/p>\n\t\t\t\t\t\t\t\t<\/div>\n\t\t\t\t<\/div>\n\t\t\t\t<div class=\"elementor-element elementor-element-2898a314 elementor-view-default elementor-widget elementor-widget-icon\" data-id=\"2898a314\" data-element_type=\"widget\" data-widget_type=\"icon.default\">\n\t\t\t\t<div class=\"elementor-widget-container\">\n\t\t\t\t\t\t\t<div class=\"elementor-icon-wrapper\">\n\t\t\t<div class=\"elementor-icon\">\n\t\t\t<i aria-hidden=\"true\" class=\"fas fa-phone-alt\"><\/i>\t\t\t<\/div>\n\t\t<\/div>\n\t\t\t\t\t\t<\/div>\n\t\t\t\t<\/div>\n\t\t\t\t<div class=\"elementor-element elementor-element-196d8b9e elementor-widget elementor-widget-text-editor\" data-id=\"196d8b9e\" data-element_type=\"widget\" data-widget_type=\"text-editor.default\">\n\t\t\t\t<div class=\"elementor-widget-container\">\n\t\t\t\t\t\t\t\t\t<p><span style=\"color: #34c1e7;\">952 48 57 40<\/span><\/p>\n\t\t\t\t\t\t\t\t<\/div>\n\t\t\t\t<\/div>\n\t\t\t\t\t<\/div>\n\t\t<\/div>\n\t\t\t\t\t<\/div>\n\t\t<\/section>\n\t\t\t\t<section class=\"elementor-section elementor-inner-section elementor-element elementor-element-18105677 elementor-section-boxed elementor-section-height-default elementor-section-height-default\" data-id=\"18105677\" data-element_type=\"section\">\n\t\t\t\t\t\t<div class=\"elementor-container elementor-column-gap-default\">\n\t\t\t\t\t<div class=\"elementor-column elementor-col-50 elementor-inner-column elementor-element elementor-element-6d792d7\" data-id=\"6d792d7\" data-element_type=\"column\">\n\t\t\t<div class=\"elementor-widget-wrap elementor-element-populated\">\n\t\t\t\t\t\t<div class=\"elementor-element elementor-element-12f54cc elementor-view-default elementor-widget elementor-widget-icon\" data-id=\"12f54cc\" data-element_type=\"widget\" data-widget_type=\"icon.default\">\n\t\t\t\t<div class=\"elementor-widget-container\">\n\t\t\t\t\t\t\t<div class=\"elementor-icon-wrapper\">\n\t\t\t<a class=\"elementor-icon\" href=\"https:\/\/www.facebook.com\/clinicaveterinariamijaspueblo\">\n\t\t\t<i aria-hidden=\"true\" class=\"fab fa-facebook\"><\/i>\t\t\t<\/a>\n\t\t<\/div>\n\t\t\t\t\t\t<\/div>\n\t\t\t\t<\/div>\n\t\t\t\t\t<\/div>\n\t\t<\/div>\n\t\t\t\t<div class=\"elementor-column elementor-col-50 elementor-inner-column elementor-element elementor-element-56470007\" data-id=\"56470007\" data-element_type=\"column\">\n\t\t\t<div class=\"elementor-widget-wrap elementor-element-populated\">\n\t\t\t\t\t\t<div class=\"elementor-element elementor-element-2ca749e3 elementor-view-default elementor-widget elementor-widget-icon\" data-id=\"2ca749e3\" data-element_type=\"widget\" data-widget_type=\"icon.default\">\n\t\t\t\t<div class=\"elementor-widget-container\">\n\t\t\t\t\t\t\t<div class=\"elementor-icon-wrapper\">\n\t\t\t<a class=\"elementor-icon\" href=\"https:\/\/www.instagram.com\/clinicaveterinariamijaspueblo\/\">\n\t\t\t<i aria-hidden=\"true\" class=\"fab fa-instagram\"><\/i>\t\t\t<\/a>\n\t\t<\/div>\n\t\t\t\t\t\t<\/div>\n\t\t\t\t<\/div>\n\t\t\t\t\t<\/div>\n\t\t<\/div>\n\t\t\t\t\t<\/div>\n\t\t<\/section>\n\t\t\t\t\t<\/div>\n\t\t<\/div>\n\t\t\t\t\t<\/div>\n\t\t<\/section>\n\t\t\t\t<\/div>\n\t\t","protected":false},"excerpt":{"rendered":"<p>\u00a0AMIGO HEALTH PLAN Our Amigo Health Plan is for both dogs and cats and for a fee of only 14.95 euros per month you have many advantages (free consultations and check-ups, 50% off vaccines and services with a 15% discount). Save from your first visit. The first registration is free. Avda. M\u00e9xico 21, Edificio Do\u00f1a &hellip;<\/p>\n","protected":false},"author":5,"featured_media":0,"parent":0,"menu_order":0,"comment_status":"closed","ping_status":"closed","template":"","meta":{"_exactmetrics_skip_tracking":false,"_exactmetrics_sitenote_active":false,"_exactmetrics_sitenote_note":"","_exactmetrics_sitenote_category":0,"footnotes":""},"class_list":["post-4765","page","type-page","status-publish","hentry","no-thumb"],"yoast_head":"<!-- This site is optimized with the Yoast SEO plugin v22.9 - https:\/\/yoast.com\/wordpress\/plugins\/seo\/ -->\n<title>Health Plans - Centro Veterinario en Mijas<\/title>\n<meta name=\"robots\" content=\"index, follow, max-snippet:-1, max-image-preview:large, max-video-preview:-1\" \/>\n<link rel=\"canonical\" href=\"https:\/\/centroveterinariomijas.es\/en\/health-plans-2\/\" \/>\n<meta property=\"og:locale\" content=\"en_US\" \/>\n<meta property=\"og:type\" content=\"article\" \/>\n<meta property=\"og:title\" content=\"Health Plans - Centro Veterinario en Mijas\" \/>\n<meta property=\"og:description\" content=\"\u00a0AMIGO HEALTH PLAN Our Amigo Health Plan is for both dogs and cats and for a fee of only 14.95 euros per month you have many advantages (free consultations and check-ups, 50% off vaccines and services with a 15% discount). Save from your first visit. The first registration is free. Avda. M\u00e9xico 21, Edificio Do\u00f1a &hellip;\" \/>\n<meta property=\"og:url\" content=\"https:\/\/centroveterinariomijas.es\/en\/health-plans-2\/\" \/>\n<meta property=\"og:site_name\" content=\"Centro Veterinario en Mijas\" \/>\n<meta property=\"article:modified_time\" content=\"2024-06-25T09:45:56+00:00\" \/>\n<meta property=\"og:image\" content=\"https:\/\/centroveterinariomijas.es\/wp-content\/uploads\/2024\/06\/plan-amigo.jpg\" \/>\n<meta name=\"twitter:card\" content=\"summary_large_image\" \/>\n<script type=\"application\/ld+json\" class=\"yoast-schema-graph\">{\"@context\":\"https:\/\/schema.org\",\"@graph\":[{\"@type\":\"WebPage\",\"@id\":\"https:\/\/centroveterinariomijas.es\/en\/health-plans-2\/\",\"url\":\"https:\/\/centroveterinariomijas.es\/en\/health-plans-2\/\",\"name\":\"Health Plans - Centro Veterinario en Mijas\",\"isPartOf\":{\"@id\":\"https:\/\/centroveterinariomijas.es\/#website\"},\"primaryImageOfPage\":{\"@id\":\"https:\/\/centroveterinariomijas.es\/en\/health-plans-2\/#primaryimage\"},\"image\":{\"@id\":\"https:\/\/centroveterinariomijas.es\/en\/health-plans-2\/#primaryimage\"},\"thumbnailUrl\":\"https:\/\/centroveterinariomijas.es\/wp-content\/uploads\/2024\/06\/plan-amigo.jpg\",\"datePublished\":\"2024-06-25T09:45:55+00:00\",\"dateModified\":\"2024-06-25T09:45:56+00:00\",\"breadcrumb\":{\"@id\":\"https:\/\/centroveterinariomijas.es\/en\/health-plans-2\/#breadcrumb\"},\"inLanguage\":\"en-US\",\"potentialAction\":[{\"@type\":\"ReadAction\",\"target\":[\"https:\/\/centroveterinariomijas.es\/en\/health-plans-2\/\"]}]},{\"@type\":\"ImageObject\",\"inLanguage\":\"en-US\",\"@id\":\"https:\/\/centroveterinariomijas.es\/en\/health-plans-2\/#primaryimage\",\"url\":\"https:\/\/centroveterinariomijas.es\/wp-content\/uploads\/2024\/06\/plan-amigo.jpg\",\"contentUrl\":\"https:\/\/centroveterinariomijas.es\/wp-content\/uploads\/2024\/06\/plan-amigo.jpg\"},{\"@type\":\"BreadcrumbList\",\"@id\":\"https:\/\/centroveterinariomijas.es\/en\/health-plans-2\/#breadcrumb\",\"itemListElement\":[{\"@type\":\"ListItem\",\"position\":1,\"name\":\"Portada\",\"item\":\"https:\/\/centroveterinariomijas.es\/en\/\"},{\"@type\":\"ListItem\",\"position\":2,\"name\":\"Health Plans\"}]},{\"@type\":\"WebSite\",\"@id\":\"https:\/\/centroveterinariomijas.es\/#website\",\"url\":\"https:\/\/centroveterinariomijas.es\/\",\"name\":\"Centro Veterinario en Mijas\",\"description\":\"En nuestro centro veterinario situado en Mijas estamos orgullosos de poder atender a tu mascota y brindarles nuestros servicios.\",\"potentialAction\":[{\"@type\":\"SearchAction\",\"target\":{\"@type\":\"EntryPoint\",\"urlTemplate\":\"https:\/\/centroveterinariomijas.es\/?s={search_term_string}\"},\"query-input\":\"required name=search_term_string\"}],\"inLanguage\":\"en-US\"}]}<\/script>\n<!-- \/ Yoast SEO plugin. -->","yoast_head_json":{"title":"Health Plans - Centro Veterinario en Mijas","robots":{"index":"index","follow":"follow","max-snippet":"max-snippet:-1","max-image-preview":"max-image-preview:large","max-video-preview":"max-video-preview:-1"},"canonical":"https:\/\/centroveterinariomijas.es\/en\/health-plans-2\/","og_locale":"en_US","og_type":"article","og_title":"Health Plans - Centro Veterinario en Mijas","og_description":"\u00a0AMIGO HEALTH PLAN Our Amigo Health Plan is for both dogs and cats and for a fee of only 14.95 euros per month you have many advantages (free consultations and check-ups, 50% off vaccines and services with a 15% discount). Save from your first visit. The first registration is free. Avda. M\u00e9xico 21, Edificio Do\u00f1a &hellip;","og_url":"https:\/\/centroveterinariomijas.es\/en\/health-plans-2\/","og_site_name":"Centro Veterinario en Mijas","article_modified_time":"2024-06-25T09:45:56+00:00","og_image":[{"url":"https:\/\/centroveterinariomijas.es\/wp-content\/uploads\/2024\/06\/plan-amigo.jpg"}],"twitter_card":"summary_large_image","schema":{"@context":"https:\/\/schema.org","@graph":[{"@type":"WebPage","@id":"https:\/\/centroveterinariomijas.es\/en\/health-plans-2\/","url":"https:\/\/centroveterinariomijas.es\/en\/health-plans-2\/","name":"Health Plans - Centro Veterinario en Mijas","isPartOf":{"@id":"https:\/\/centroveterinariomijas.es\/#website"},"primaryImageOfPage":{"@id":"https:\/\/centroveterinariomijas.es\/en\/health-plans-2\/#primaryimage"},"image":{"@id":"https:\/\/centroveterinariomijas.es\/en\/health-plans-2\/#primaryimage"},"thumbnailUrl":"https:\/\/centroveterinariomijas.es\/wp-content\/uploads\/2024\/06\/plan-amigo.jpg","datePublished":"2024-06-25T09:45:55+00:00","dateModified":"2024-06-25T09:45:56+00:00","breadcrumb":{"@id":"https:\/\/centroveterinariomijas.es\/en\/health-plans-2\/#breadcrumb"},"inLanguage":"en-US","potentialAction":[{"@type":"ReadAction","target":["https:\/\/centroveterinariomijas.es\/en\/health-plans-2\/"]}]},{"@type":"ImageObject","inLanguage":"en-US","@id":"https:\/\/centroveterinariomijas.es\/en\/health-plans-2\/#primaryimage","url":"https:\/\/centroveterinariomijas.es\/wp-content\/uploads\/2024\/06\/plan-amigo.jpg","contentUrl":"https:\/\/centroveterinariomijas.es\/wp-content\/uploads\/2024\/06\/plan-amigo.jpg"},{"@type":"BreadcrumbList","@id":"https:\/\/centroveterinariomijas.es\/en\/health-plans-2\/#breadcrumb","itemListElement":[{"@type":"ListItem","position":1,"name":"Portada","item":"https:\/\/centroveterinariomijas.es\/en\/"},{"@type":"ListItem","position":2,"name":"Health Plans"}]},{"@type":"WebSite","@id":"https:\/\/centroveterinariomijas.es\/#website","url":"https:\/\/centroveterinariomijas.es\/","name":"Centro Veterinario en Mijas","description":"En nuestro centro veterinario situado en Mijas estamos orgullosos de poder atender a tu mascota y brindarles nuestros servicios.","potentialAction":[{"@type":"SearchAction","target":{"@type":"EntryPoint","urlTemplate":"https:\/\/centroveterinariomijas.es\/?s={search_term_string}"},"query-input":"required name=search_term_string"}],"inLanguage":"en-US"}]}},"_links":{"self":[{"href":"https:\/\/centroveterinariomijas.es\/en\/wp-json\/wp\/v2\/pages\/4765","targetHints":{"allow":["GET"]}}],"collection":[{"href":"https:\/\/centroveterinariomijas.es\/en\/wp-json\/wp\/v2\/pages"}],"about":[{"href":"https:\/\/centroveterinariomijas.es\/en\/wp-json\/wp\/v2\/types\/page"}],"author":[{"embeddable":true,"href":"https:\/\/centroveterinariomijas.es\/en\/wp-json\/wp\/v2\/users\/5"}],"replies":[{"embeddable":true,"href":"https:\/\/centroveterinariomijas.es\/en\/wp-json\/wp\/v2\/comments?post=4765"}],"version-history":[{"count":0,"href":"https:\/\/centroveterinariomijas.es\/en\/wp-json\/wp\/v2\/pages\/4765\/revisions"}],"wp:attachment":[{"href":"https:\/\/centroveterinariomijas.es\/en\/wp-json\/wp\/v2\/media?parent=4765"}],"curies":[{"name":"wp","href":"https:\/\/api.w.org\/{rel}","templated":true}]}}